{"id":5326,"date":"2019-08-26T03:57:32","date_gmt":"2019-08-26T06:57:32","guid":{"rendered":"https:\/\/dev.salmonesdechile.web.innovaweb.cl\/?page_id=5326"},"modified":"2023-10-12T18:48:25","modified_gmt":"2023-10-12T21:48:25","slug":"production-process","status":"publish","type":"page","link":"https:\/\/salmonesdechile.cl\/en\/production-process\/","title":{"rendered":"Production process"},"content":{"rendered":"<section class=\"wpb-content-wrapper\"><p>[vc_row full_width=&#8221;stretch_row_content_no_spaces&#8221; css=&#8221;.vc_custom_1565564105475{margin-top: -40px !important;background-position: center !important;background-repeat: no-repeat !important;background-size: cover !important;}&#8221; mobile_bg_img_hidden=&#8221;no&#8221; tablet_bg_img_hidden=&#8221;no&#8221; woodmart_parallax=&#8221;0&#8243; woodmart_gradient_switch=&#8221;no&#8221; row_reverse_mobile=&#8221;0&#8243; row_reverse_tablet=&#8221;0&#8243; woodmart_disable_overflow=&#8221;0&#8243;][vc_column]\n\t\t\t<!-- START instalaciones 1e REVOLUTION SLIDER 6.7.13 --><p class=\"rs-p-wp-fix\"><\/p>\n\t\t\t<rs-module-wrap id=\"woodmart-layout-basic_wrapper\" data-source=\"gallery\" style=\"visibility:hidden;background:#f8f8f8;padding:0;margin:0px auto;margin-top:0;margin-bottom:0;\">\n\t\t\t\t<rs-module id=\"woodmart-layout-basic\" style=\"\" data-version=\"6.7.13\">\n\t\t\t\t\t<rs-slides style=\"overflow: hidden; position: absolute;\">\n\t\t\t\t\t\t<rs-slide style=\"position: absolute;\" data-key=\"rs-116\" data-title=\"Slide\" data-anim=\"r:0;\" data-in=\"o:0;\" data-out=\"a:false;\">\n\t\t\t\t\t\t\t<img src=\"\/\/salmonesdechile.cl\/wp-content\/plugins\/revslider\/sr6\/assets\/assets\/dummy.png\" alt=\"\" title=\"cadena\" width=\"1867\" height=\"1052\" class=\"rev-slidebg tp-rs-img rs-lazyload\" data-lazyload=\"\/\/salmonesdechile.cl\/wp-content\/uploads\/2019\/12\/cadena.jpg\" data-parallax=\"off\" data-no-retina>\n<!--\n\t\t\t\t\t\t\t--><h4\n\t\t\t\t\t\t\t\tid=\"slider-53-slide-116-layer-1\" \n\t\t\t\t\t\t\t\tclass=\"rs-layer\"\n\t\t\t\t\t\t\t\tdata-type=\"text\"\n\t\t\t\t\t\t\t\tdata-rsp_ch=\"on\"\n\t\t\t\t\t\t\t\tdata-xy=\"x:l,l,c,c;xo:79px,63px,-151px,0;y:m;yo:-13px,-125px,-11px,-18px;\"\n\t\t\t\t\t\t\t\tdata-text=\"w:normal,nowrap,nowrap,nowrap;s:61,54,54,41;l:56,54,54,40;fw:300;a:left,left,left,center;\"\n\t\t\t\t\t\t\t\tdata-dim=\"w:486px,auto,auto,auto;\"\n\t\t\t\t\t\t\t\tdata-frame_0=\"y:-100px;tp:600;\"\n\t\t\t\t\t\t\t\tdata-frame_1=\"tp:600;e:expo.out;st:800;sp:800;sR:800;\"\n\t\t\t\t\t\t\t\tdata-frame_999=\"o:0;tp:600;e:nothing;st:w;sR:7400;\"\n\t\t\t\t\t\t\t\tstyle=\"z-index:9;font-family:'Montserrat';\"\n\t\t\t\t\t\t\t>Value  <strong><br \/>\n Chain<\/strong> \n\t\t\t\t\t\t\t<\/h4><!--\n\n\t\t\t\t\t\t\t--><rs-layer\n\t\t\t\t\t\t\t\tid=\"slider-53-slide-116-layer-4\" \n\t\t\t\t\t\t\t\tdata-type=\"text\"\n\t\t\t\t\t\t\t\tdata-rsp_ch=\"on\"\n\t\t\t\t\t\t\t\tdata-xy=\"x:l,l,l,c;xo:79px,65px,51px,0;yo:296px,244px,314px,318px;\"\n\t\t\t\t\t\t\t\tdata-text=\"w:normal;s:15,12,17,17;l:20,16,22,20;a:left,left,left,center;\"\n\t\t\t\t\t\t\t\tdata-dim=\"w:548px,452px,439px,351px;\"\n\t\t\t\t\t\t\t\tdata-frame_999=\"o:0;st:w;\"\n\t\t\t\t\t\t\t\tstyle=\"z-index:10;font-family:'Montserrat';\"\n\t\t\t\t\t\t\t>SALMONES DE CHILE S.A. is a vertically integrated company; our activities cover the entire production chain - from fish reproduction to placing our product in the market for sale. \n\t\t\t\t\t\t\t<\/rs-layer><!--\n-->\t\t\t\t\t<\/rs-slide>\n\t\t\t\t\t<\/rs-slides>\n\t\t\t\t\t<rs-static-layers><!--\n\t\t\t\t\t--><\/rs-static-layers>\n\t\t\t\t<\/rs-module>\n\t\t\t\t<script>\n\t\t\t\t\tsetREVStartSize({c: 'woodmart-layout-basic',rl:[1240,1024,778,480],el:[475,600,500,550],gw:[1240,1024,778,480],gh:[475,600,500,550],type:'standard',justify:'',layout:'fullwidth',mh:\"0\"});if (window.RS_MODULES!==undefined && window.RS_MODULES.modules!==undefined && window.RS_MODULES.modules[\"woodmartlayoutbasic\"]!==undefined) {window.RS_MODULES.modules[\"woodmartlayoutbasic\"].once = false;window.revapi53 = undefined;if (window.RS_MODULES.checkMinimal!==undefined) window.RS_MODULES.checkMinimal()}\n\t\t\t\t<\/script>\n\t\t\t<\/rs-module-wrap>\n\t\t\t<!-- END REVOLUTION SLIDER -->\n[\/vc_column][\/vc_row][vc_row full_width=&#8221;stretch_row_content_no_spaces&#8221; css=&#8221;.vc_custom_1570538008486{background-color: #0a4464 !important;background-position: center !important;background-repeat: no-repeat !important;background-size: cover !important;}&#8221; mobile_bg_img_hidden=&#8221;no&#8221; tablet_bg_img_hidden=&#8221;no&#8221; woodmart_parallax=&#8221;0&#8243; woodmart_gradient_switch=&#8221;no&#8221; row_reverse_mobile=&#8221;0&#8243; row_reverse_tablet=&#8221;0&#8243; woodmart_disable_overflow=&#8221;0&#8243; el_class=&#8221;none&#8221;][vc_column][vc_row_inner el_class=&#8221;elcent&#8221; row_reverse_mobile=&#8221;0&#8243; row_reverse_tablet=&#8221;0&#8243;][vc_column_inner width=&#8221;1\/2&#8243;][vc_custom_heading text=&#8221;Planta de<br \/>\n<strong>Procesos (Salmoprocesos)<\/strong>&#8221; font_container=&#8221;tag:h2|text_align:left|color:%23ffffff&#8221; google_fonts=&#8221;font_family:Montserrat%3Aregular%2C700|font_style:400%20regular%3A400%3Anormal&#8221;][vc_column_text text_larger=&#8221;no&#8221;]<span style=\"color: #ffffff;\">En nuestra planta de Salmoprocesos concentramos el total del procesamiento y la elaboraci\u00f3n de productos alimenticios frescos y congelados, entre los que destacan: Pescados Enteros Eviscerados, Diversos Cortes de Filete, Porciones y Pulpa de Salm\u00f3n.<\/span><\/p>\n<p><span style=\"color: #ffffff;\">La producci\u00f3n de nuestra planta de procesos es regida por altas normas de calidad, cumpliendo est\u00e1ndares internacionales en todos nuestros procesos productivos, los cuales son certificados por organismos externos para asegurar a nuestros clientes la seguridad en el consumo de nuestros productos y garantizar la calidad comprometida.<\/span>[\/vc_column_text][\/vc_column_inner][vc_column_inner width=&#8221;1\/2&#8243;][vc_single_image image=&#8221;3055&#8243; img_size=&#8221;full&#8221; parallax_scroll=&#8221;no&#8221; el_class=&#8221;ims&#8221;][\/vc_column_inner][\/vc_row_inner][\/vc_column][\/vc_row][vc_row full_width=&#8221;stretch_row_content_no_spaces&#8221; css=&#8221;.vc_custom_1569823781938{background-color: #f2f2f2 !important;background-position: center !important;background-repeat: no-repeat !important;background-size: cover !important;}&#8221; mobile_bg_img_hidden=&#8221;no&#8221; tablet_bg_img_hidden=&#8221;no&#8221; woodmart_parallax=&#8221;0&#8243; woodmart_gradient_switch=&#8221;no&#8221; row_reverse_mobile=&#8221;0&#8243; row_reverse_tablet=&#8221;0&#8243; woodmart_disable_overflow=&#8221;0&#8243;][vc_column][vc_row_inner el_class=&#8221;elcent&#8221; row_reverse_mobile=&#8221;0&#8243; row_reverse_tablet=&#8221;0&#8243;][vc_column_inner width=&#8221;1\/6&#8243;][\/vc_column_inner][vc_column_inner width=&#8221;2\/3&#8243;][vc_custom_heading text=&#8221;Diagram of the production process&#8221; font_container=&#8221;tag:h2|font_size:18px|text_align:center|color:%230e3950&#8243; google_fonts=&#8221;font_family:Montserrat%3Aregular%2C700|font_style:700%20bold%20regular%3A700%3Anormal&#8221;][\/vc_column_inner][vc_column_inner width=&#8221;1\/6&#8243;][\/vc_column_inner][\/vc_row_inner][vc_row_inner el_class=&#8221;elcent&#8221; row_reverse_mobile=&#8221;0&#8243; row_reverse_tablet=&#8221;0&#8243;][vc_column_inner]\t\t\t<link rel=\"stylesheet\" id=\"wd-owl-carousel-css\" href=\"https:\/\/salmonesdechile.cl\/wp-content\/themes\/woodmart\/css\/parts\/lib-owl-carousel.min.css?ver=7.3.3\" type=\"text\/css\" media=\"all\" \/> \t\t\t\t\t\t<div id=\"carousel-872\" class=\"wd-carousel-container info-box-carousel-wrapper  wd-carousel-spacing-30\" data-owl-carousel data-hide_pagination_control=\"no\" data-hide_prev_next_buttons=\"no\" data-dragEndSpeed=\"600\" data-desktop=\"4\" data-tablet_landscape=\"4\" data-tablet=\"3\" data-mobile=\"1\">\n\t\t\t\t<div class=\"owl-carousel wd-owl info-box-carousel  wd-rs-69f493921d8d7  owl-items-lg-4 owl-items-md-4 owl-items-sm-3 owl-items-xs-1\" >\n\t\t\t\t\t\t\t\t<link rel=\"stylesheet\" id=\"wd-info-box-css\" href=\"https:\/\/salmonesdechile.cl\/wp-content\/themes\/woodmart\/css\/parts\/el-info-box.min.css?ver=7.3.3\" type=\"text\/css\" media=\"all\" \/> \t\t\t\t\t\t<div class=\"info-box-wrapper\">\n\t\t\t\t<div id=\"wd-64ffc37edcc7c\" class=\" wd-rs-64ffc37edcc7c wd-info-box wd-wpb text-left box-icon-align-top box-style- color-scheme- wd-bg-none \"  >\n\t\t\t\t\t\t\t\t\t\t\t<div class=\"box-icon-wrapper  box-with-icon box-icon-with-border\">\n\t\t\t\t\t\t\t<div class=\"info-box-icon\">\n\n\t\t\t\t\t\t\t\n\t\t\t\t\t\t\t\t\t\t\t\t\t\t\t\t\t<img width=\"485\" height=\"485\" src=\"https:\/\/salmonesdechile.cl\/wp-content\/uploads\/2019\/09\/huevos.jpg\" class=\"attachment-full size-full\" alt=\"\" decoding=\"async\" loading=\"lazy\" srcset=\"https:\/\/salmonesdechile.cl\/wp-content\/uploads\/2019\/09\/huevos.jpg 485w, https:\/\/salmonesdechile.cl\/wp-content\/uploads\/2019\/09\/huevos-150x150.jpg 150w, https:\/\/salmonesdechile.cl\/wp-content\/uploads\/2019\/09\/huevos-300x300.jpg 300w\" sizes=\"(max-width: 485px) 100vw, 485px\" \/>\t\t\t\t\t\t\t\t\t\t\t\t\t\t\t\n\t\t\t\t\t\t\t<\/div>\n\t\t\t\t\t\t<\/div>\n\t\t\t\t\t\t\t\t\t\t<div class=\"info-box-content\">\n\t\t\t\t\t\t<h4 class=\"info-box-title title box-title-style-default wd-fontsize-m\">Reproduction<\/h4>\t\t\t\t\t\t<div class=\"info-box-inner set-cont-mb-s reset-last-child\"><p>The company has a broodstock center at sea, and specialized fish farms where spawning and fertilization of the eggs are carried out. There is a genetic improvement program that provides the guidelines for crossbreeding to obtain the best fish for production.<\/p>\n<\/div>\n\n\t\t\t\t\t\t\t\t\t\t\t<\/div>\n\n\t\t\t\t\t\t\t\t\t<\/div>\n\t\t\t<\/div>\n\t\t\t\t\t<div class=\"info-box-wrapper\">\n\t\t\t\t<div id=\"wd-64ffc39b299f2\" class=\" wd-rs-64ffc39b299f2 wd-info-box wd-wpb text-left box-icon-align-top box-style- color-scheme- wd-bg-none \"  >\n\t\t\t\t\t\t\t\t\t\t\t<div class=\"box-icon-wrapper  box-with-icon box-icon-with-border\">\n\t\t\t\t\t\t\t<div class=\"info-box-icon\">\n\n\t\t\t\t\t\t\t\n\t\t\t\t\t\t\t\t\t\t\t\t\t\t\t\t\t<img width=\"485\" height=\"485\" src=\"https:\/\/salmonesdechile.cl\/wp-content\/uploads\/2019\/09\/bebes.jpg\" class=\"attachment-full size-full\" alt=\"\" decoding=\"async\" loading=\"lazy\" srcset=\"https:\/\/salmonesdechile.cl\/wp-content\/uploads\/2019\/09\/bebes.jpg 485w, https:\/\/salmonesdechile.cl\/wp-content\/uploads\/2019\/09\/bebes-150x150.jpg 150w, https:\/\/salmonesdechile.cl\/wp-content\/uploads\/2019\/09\/bebes-300x300.jpg 300w\" sizes=\"(max-width: 485px) 100vw, 485px\" \/>\t\t\t\t\t\t\t\t\t\t\t\t\t\t\t\n\t\t\t\t\t\t\t<\/div>\n\t\t\t\t\t\t<\/div>\n\t\t\t\t\t\t\t\t\t\t<div class=\"info-box-content\">\n\t\t\t\t\t\t<h4 class=\"info-box-title title box-title-style-default wd-fontsize-m\">Fingerlings<\/h4>\t\t\t\t\t\t<div class=\"info-box-inner set-cont-mb-s reset-last-child\"><p>Fingerlings are the first sign of fully formed fish, which are raised in fish farms until they reach the necessary size to be taken to our smoltification centers.<\/p>\n<\/div>\n\n\t\t\t\t\t\t\t\t\t\t\t<\/div>\n\n\t\t\t\t\t\t\t\t\t<\/div>\n\t\t\t<\/div>\n\t\t\t\t\t<div class=\"info-box-wrapper\">\n\t\t\t\t<div id=\"wd-64ffc3af34113\" class=\" wd-rs-64ffc3af34113 wd-info-box wd-wpb text-left box-icon-align-top box-style- color-scheme- wd-bg-none \"  >\n\t\t\t\t\t\t\t\t\t\t\t<div class=\"box-icon-wrapper  box-with-icon box-icon-with-border\">\n\t\t\t\t\t\t\t<div class=\"info-box-icon\">\n\n\t\t\t\t\t\t\t\n\t\t\t\t\t\t\t\t\t\t\t\t\t\t\t\t\t<img width=\"485\" height=\"485\" src=\"https:\/\/salmonesdechile.cl\/wp-content\/uploads\/2019\/09\/smol.jpg\" class=\"attachment-full size-full\" alt=\"\" decoding=\"async\" loading=\"lazy\" srcset=\"https:\/\/salmonesdechile.cl\/wp-content\/uploads\/2019\/09\/smol.jpg 485w, https:\/\/salmonesdechile.cl\/wp-content\/uploads\/2019\/09\/smol-150x150.jpg 150w, https:\/\/salmonesdechile.cl\/wp-content\/uploads\/2019\/09\/smol-300x300.jpg 300w\" sizes=\"(max-width: 485px) 100vw, 485px\" \/>\t\t\t\t\t\t\t\t\t\t\t\t\t\t\t\n\t\t\t\t\t\t\t<\/div>\n\t\t\t\t\t\t<\/div>\n\t\t\t\t\t\t\t\t\t\t<div class=\"info-box-content\">\n\t\t\t\t\t\t<h4 class=\"info-box-title title box-title-style-default wd-fontsize-m\">Smoltification<\/h4>\t\t\t\t\t\t<div class=\"info-box-inner set-cont-mb-s reset-last-child\"><p>Smoltification takes place at the Punta Cebadal and R\u00edo Maull\u00edn sites, located on the Maull\u00edn River. Here the fish are prepared and adapted until they are ready to be transferred to seawater sites.<\/p>\n<\/div>\n\n\t\t\t\t\t\t\t\t\t\t\t<\/div>\n\n\t\t\t\t\t\t\t\t\t<\/div>\n\t\t\t<\/div>\n\t\t\t\t\t<div class=\"info-box-wrapper\">\n\t\t\t\t<div id=\"wd-6528436e9054f\" class=\" wd-rs-6528436e9054f wd-info-box wd-wpb text-left box-icon-align-top box-style- color-scheme- wd-bg-none \"  >\n\t\t\t\t\t\t\t\t\t\t\t<div class=\"box-icon-wrapper  box-with-icon box-icon-with-border\">\n\t\t\t\t\t\t\t<div class=\"info-box-icon\">\n\n\t\t\t\t\t\t\t\n\t\t\t\t\t\t\t\t\t\t\t\t\t\t\t\t\t<img width=\"485\" height=\"485\" src=\"https:\/\/salmonesdechile.cl\/wp-content\/uploads\/2019\/09\/engorda.jpg\" class=\"attachment-full size-full\" alt=\"\" decoding=\"async\" loading=\"lazy\" srcset=\"https:\/\/salmonesdechile.cl\/wp-content\/uploads\/2019\/09\/engorda.jpg 485w, https:\/\/salmonesdechile.cl\/wp-content\/uploads\/2019\/09\/engorda-150x150.jpg 150w, https:\/\/salmonesdechile.cl\/wp-content\/uploads\/2019\/09\/engorda-300x300.jpg 300w\" sizes=\"(max-width: 485px) 100vw, 485px\" \/>\t\t\t\t\t\t\t\t\t\t\t\t\t\t\t\n\t\t\t\t\t\t\t<\/div>\n\t\t\t\t\t\t<\/div>\n\t\t\t\t\t\t\t\t\t\t<div class=\"info-box-content\">\n\t\t\t\t\t\t<h4 class=\"info-box-title title box-title-style-default wd-fontsize-m\">Sea Water \u2013 Growing Stage<\/h4>\t\t\t\t\t\t<div class=\"info-box-inner set-cont-mb-s reset-last-child\"><p>Growing Stage takes place in seawater sites, in a process that can last between 9-11 months, where the fish reach harvest size. The fish are then transported by wellboats to the harvesting waiting cages located next to the processing plant.<\/p>\n<\/div>\n\n\t\t\t\t\t\t\t\t\t\t\t<\/div>\n\n\t\t\t\t\t\t\t\t\t<\/div>\n\t\t\t<\/div>\n\t\t\t\t\t<div class=\"info-box-wrapper\">\n\t\t\t\t<div id=\"wd-64ffc3e9b2631\" class=\" wd-rs-64ffc3e9b2631 wd-info-box wd-wpb text-left box-icon-align-top box-style- color-scheme- wd-bg-none \"  >\n\t\t\t\t\t\t\t\t\t\t\t<div class=\"box-icon-wrapper  box-with-icon box-icon-with-border\">\n\t\t\t\t\t\t\t<div class=\"info-box-icon\">\n\n\t\t\t\t\t\t\t\n\t\t\t\t\t\t\t\t\t\t\t\t\t\t\t\t\t<img width=\"485\" height=\"485\" src=\"https:\/\/salmonesdechile.cl\/wp-content\/uploads\/2019\/09\/procesamiento.jpg\" class=\"attachment-full size-full\" alt=\"\" decoding=\"async\" loading=\"lazy\" srcset=\"https:\/\/salmonesdechile.cl\/wp-content\/uploads\/2019\/09\/procesamiento.jpg 485w, https:\/\/salmonesdechile.cl\/wp-content\/uploads\/2019\/09\/procesamiento-150x150.jpg 150w, https:\/\/salmonesdechile.cl\/wp-content\/uploads\/2019\/09\/procesamiento-300x300.jpg 300w\" sizes=\"(max-width: 485px) 100vw, 485px\" \/>\t\t\t\t\t\t\t\t\t\t\t\t\t\t\t\n\t\t\t\t\t\t\t<\/div>\n\t\t\t\t\t\t<\/div>\n\t\t\t\t\t\t\t\t\t\t<div class=\"info-box-content\">\n\t\t\t\t\t\t<h4 class=\"info-box-title title box-title-style-default wd-fontsize-m\">Processing<\/h4>\t\t\t\t\t\t<div class=\"info-box-inner set-cont-mb-s reset-last-child\"><p>In the processing plant (SALMOPROCESOS) located in the town of Chonchi, fish are processed and turned into final products tailored to our clients\u2019 needs.<\/p>\n<\/div>\n\n\t\t\t\t\t\t\t\t\t\t\t<\/div>\n\n\t\t\t\t\t\t\t\t\t<\/div>\n\t\t\t<\/div>\n\t\t\t\t\t<div class=\"info-box-wrapper\">\n\t\t\t\t<div id=\"wd-64ffc4055def2\" class=\" wd-rs-64ffc4055def2 wd-info-box wd-wpb text-left box-icon-align-top box-style- color-scheme- wd-bg-none \"  >\n\t\t\t\t\t\t\t\t\t\t\t<div class=\"box-icon-wrapper  box-with-icon box-icon-with-border\">\n\t\t\t\t\t\t\t<div class=\"info-box-icon\">\n\n\t\t\t\t\t\t\t\n\t\t\t\t\t\t\t\t\t\t\t\t\t\t\t\t\t<img width=\"485\" height=\"485\" src=\"https:\/\/salmonesdechile.cl\/wp-content\/uploads\/2019\/09\/despacho.jpg\" class=\"attachment-full size-full\" alt=\"\" decoding=\"async\" loading=\"lazy\" srcset=\"https:\/\/salmonesdechile.cl\/wp-content\/uploads\/2019\/09\/despacho.jpg 485w, https:\/\/salmonesdechile.cl\/wp-content\/uploads\/2019\/09\/despacho-150x150.jpg 150w, https:\/\/salmonesdechile.cl\/wp-content\/uploads\/2019\/09\/despacho-300x300.jpg 300w\" sizes=\"(max-width: 485px) 100vw, 485px\" \/>\t\t\t\t\t\t\t\t\t\t\t\t\t\t\t\n\t\t\t\t\t\t\t<\/div>\n\t\t\t\t\t\t<\/div>\n\t\t\t\t\t\t\t\t\t\t<div class=\"info-box-content\">\n\t\t\t\t\t\t<h4 class=\"info-box-title title box-title-style-default wd-fontsize-m\">Marketing and Dispatch<\/h4>\t\t\t\t\t\t<div class=\"info-box-inner set-cont-mb-s reset-last-child\"><p>The international sales department is in charge of dispatching the final product by managing the shipping logistics to the national and international clients of Salmones de Chile S.A. The product is shipped by sea, land or air transport depending on the specific product characteristics.<\/p>\n<\/div>\n\n\t\t\t\t\t\t\t\t\t\t\t<\/div>\n\n\t\t\t\t\t\t\t\t\t<\/div>\n\t\t\t<\/div>\n\t\t\t\t\t\t<\/div>\n\t\t\t<\/div>\n\t\t[\/vc_column_inner][\/vc_row_inner][\/vc_column][\/vc_row]<\/p>\n<\/section>","protected":false},"excerpt":{"rendered":"<p>[vc_row full_width=&#8221;stretch_row_content_no_spaces&#8221; css=&#8221;.vc_custom_1565564105475{margin-top: -40px !important;background-position: center !important;background-repeat: no-repeat !important;background-size: cover !important;}&#8221; mobile_bg_img_hidden=&#8221;no&#8221; tablet_bg_img_hidden=&#8221;no&#8221; woodmart_parallax=&#8221;0&#8243; woodmart_gradient_switch=&#8221;no&#8221; row_reverse_mobile=&#8221;0&#8243; row_reverse_tablet=&#8221;0&#8243; woodmart_disable_overflow=&#8221;0&#8243;][vc_column][\/vc_column][\/vc_row][vc_row full_width=&#8221;stretch_row_content_no_spaces&#8221; css=&#8221;.vc_custom_1570538008486{background-color:<\/p>\n","protected":false},"author":1,"featured_media":0,"parent":0,"menu_order":0,"comment_status":"closed","ping_status":"closed","template":"","meta":{"footnotes":""},"acf":[],"_links":{"self":[{"href":"https:\/\/salmonesdechile.cl\/en\/wp-json\/wp\/v2\/pages\/5326"}],"collection":[{"href":"https:\/\/salmonesdechile.cl\/en\/wp-json\/wp\/v2\/pages"}],"about":[{"href":"https:\/\/salmonesdechile.cl\/en\/wp-json\/wp\/v2\/types\/page"}],"author":[{"embeddable":true,"href":"https:\/\/salmonesdechile.cl\/en\/wp-json\/wp\/v2\/users\/1"}],"replies":[{"embeddable":true,"href":"https:\/\/salmonesdechile.cl\/en\/wp-json\/wp\/v2\/comments?post=5326"}],"version-history":[{"count":1,"href":"https:\/\/salmonesdechile.cl\/en\/wp-json\/wp\/v2\/pages\/5326\/revisions"}],"predecessor-version":[{"id":5327,"href":"https:\/\/salmonesdechile.cl\/en\/wp-json\/wp\/v2\/pages\/5326\/revisions\/5327"}],"wp:attachment":[{"href":"https:\/\/salmonesdechile.cl\/en\/wp-json\/wp\/v2\/media?parent=5326"}],"curies":[{"name":"wp","href":"https:\/\/api.w.org\/{rel}","templated":true}]}}